{"id":13,"date":"2024-07-27T00:39:43","date_gmt":"2024-07-27T03:39:43","guid":{"rendered":"https:\/\/echolinkchile.cl\/?page_id=13"},"modified":"2026-03-17T15:25:44","modified_gmt":"2026-03-17T18:25:44","slug":"quienes-somos","status":"publish","type":"page","link":"https:\/\/echolinkchile.cl\/index.php\/quienes-somos\/","title":{"rendered":"Quienes Somos"},"content":{"rendered":"<style>.kb-row-layout-id13_8e9022-1c > .kt-row-column-wrap{align-content:start;}:where(.kb-row-layout-id13_8e9022-1c > .kt-row-column-wrap) > .wp-block-kadence-column{justify-content:start;}.kb-row-layout-id13_8e9022-1c > .kt-row-column-wrap{column-gap:var(--global-kb-gap-md, 2rem);row-gap:var(--global-kb-gap-md, 2rem);padding-top:var(--global-kb-spacing-sm, 1.5rem);padding-bottom:var(--global-kb-spacing-sm, 1.5rem);grid-template-columns:minmax(0, 1fr);}.kb-row-layout-id13_8e9022-1c > .kt-row-layout-overlay{opacity:0.30;}@media all and (max-width: 1024px){.kb-row-layout-id13_8e9022-1c > .kt-row-column-wrap{grid-template-columns:minmax(0, 1fr);}}@media all and (max-width: 767px){.kb-row-layout-id13_8e9022-1c > .kt-row-column-wrap{grid-template-columns:minmax(0, 1fr);}}<\/style><div class=\"kb-row-layout-wrap kb-row-layout-id13_8e9022-1c alignnone wp-block-kadence-rowlayout\"><div class=\"kt-row-column-wrap kt-has-1-columns kt-row-layout-equal kt-tab-layout-inherit kt-mobile-layout-row kt-row-valign-top\">\n<style>.kadence-column13_17002f-c0 > .kt-inside-inner-col,.kadence-column13_17002f-c0 > .kt-inside-inner-col:before{border-top-left-radius:0px;border-top-right-radius:0px;border-bottom-right-radius:0px;border-bottom-left-radius:0px;}.kadence-column13_17002f-c0 > .kt-inside-inner-col{column-gap:var(--global-kb-gap-sm, 1rem);}.kadence-column13_17002f-c0 > .kt-inside-inner-col{flex-direction:column;}.kadence-column13_17002f-c0 > .kt-inside-inner-col > .aligncenter{width:100%;}.kadence-column13_17002f-c0 > .kt-inside-inner-col:before{opacity:0.3;}.kadence-column13_17002f-c0{position:relative;}@media all and (max-width: 1024px){.kadence-column13_17002f-c0 > .kt-inside-inner-col{flex-direction:column;justify-content:center;}}@media all and (max-width: 767px){.kadence-column13_17002f-c0 > .kt-inside-inner-col{flex-direction:column;justify-content:center;}}<\/style>\n<div class=\"wp-block-kadence-column kadence-column13_17002f-c0\"><div class=\"kt-inside-inner-col\"><style>.wp-block-kadence-advancedheading.kt-adv-heading13_582a2d-71, .wp-block-kadence-advancedheading.kt-adv-heading13_582a2d-71[data-kb-block=\"kb-adv-heading13_582a2d-71\"]{text-align:center;font-style:normal;}.wp-block-kadence-advancedheading.kt-adv-heading13_582a2d-71 mark.kt-highlight, .wp-block-kadence-advancedheading.kt-adv-heading13_582a2d-71[data-kb-block=\"kb-adv-heading13_582a2d-71\"] mark.kt-highlight{font-style:normal;color:#f76a0c;-webkit-box-decoration-break:clone;box-decoration-break:clone;padding-top:0px;padding-right:0px;padding-bottom:0px;padding-left:0px;}.wp-block-kadence-advancedheading.kt-adv-heading13_582a2d-71 img.kb-inline-image, .wp-block-kadence-advancedheading.kt-adv-heading13_582a2d-71[data-kb-block=\"kb-adv-heading13_582a2d-71\"] img.kb-inline-image{width:150px;vertical-align:baseline;}<\/style>\n<h2 class=\"kt-adv-heading13_582a2d-71 wp-block-kadence-advancedheading\" data-kb-block=\"kb-adv-heading13_582a2d-71\">Historia de la Red Echolink Chile<\/h2>\n<\/div><\/div>\n\n\n<style>.kadence-column13_cc1487-c5 > .kt-inside-inner-col{display:flex;}.kadence-column13_cc1487-c5 > .kt-inside-inner-col{padding-top:var(--global-kb-spacing-md, 2rem);}.kadence-column13_cc1487-c5 > .kt-inside-inner-col,.kadence-column13_cc1487-c5 > .kt-inside-inner-col:before{border-top-left-radius:0px;border-top-right-radius:0px;border-bottom-right-radius:0px;border-bottom-left-radius:0px;}.kadence-column13_cc1487-c5 > .kt-inside-inner-col{column-gap:var(--global-kb-gap-sm, 1rem);}.kadence-column13_cc1487-c5 > .kt-inside-inner-col{flex-direction:column;justify-content:flex-start;align-items:flex-start;}.kadence-column13_cc1487-c5 > .kt-inside-inner-col > .kb-image-is-ratio-size{align-self:stretch;}.kadence-column13_cc1487-c5 > .kt-inside-inner-col > .wp-block-kadence-advancedgallery{align-self:stretch;}.kadence-column13_cc1487-c5 > .kt-inside-inner-col > .aligncenter{width:100%;}.kt-row-column-wrap > .kadence-column13_cc1487-c5{align-self:flex-start;}.kt-inner-column-height-full:not(.kt-has-1-columns) > .wp-block-kadence-column.kadence-column13_cc1487-c5{align-self:auto;}.kt-inner-column-height-full:not(.kt-has-1-columns) > .wp-block-kadence-column.kadence-column13_cc1487-c5 > .kt-inside-inner-col{flex-direction:column;justify-content:flex-start;}.kadence-column13_cc1487-c5 > .kt-inside-inner-col:before{opacity:0.3;}.kadence-column13_cc1487-c5{text-align:left;}.kadence-column13_cc1487-c5{position:relative;}@media all and (max-width: 1024px){.kt-row-column-wrap > .kadence-column13_cc1487-c5{align-self:flex-start;}}@media all and (max-width: 1024px){.kt-inner-column-height-full:not(.kt-has-1-columns) > .wp-block-kadence-column.kadence-column13_cc1487-c5{align-self:auto;}}@media all and (max-width: 1024px){.kt-inner-column-height-full:not(.kt-has-1-columns) > .wp-block-kadence-column.kadence-column13_cc1487-c5 > .kt-inside-inner-col{flex-direction:column;justify-content:flex-start;}}@media all and (max-width: 1024px){.kadence-column13_cc1487-c5 > .kt-inside-inner-col{flex-direction:column;justify-content:flex-start;align-items:flex-start;}}@media all and (max-width: 767px){.kt-row-column-wrap > .kadence-column13_cc1487-c5{align-self:flex-start;}.kt-inner-column-height-full:not(.kt-has-1-columns) > .wp-block-kadence-column.kadence-column13_cc1487-c5{align-self:auto;}.kt-inner-column-height-full:not(.kt-has-1-columns) > .wp-block-kadence-column.kadence-column13_cc1487-c5 > .kt-inside-inner-col{flex-direction:column;justify-content:flex-start;}.kadence-column13_cc1487-c5 > .kt-inside-inner-col{flex-direction:column;justify-content:flex-start;align-items:flex-start;}}<\/style>\n<div class=\"wp-block-kadence-column kadence-column13_cc1487-c5\"><div class=\"kt-inside-inner-col\">\n<p>La <strong>Red Echolink Chile<\/strong> es una red de radioaficionados que surge oficialmente el <strong>28 de julio de 2015<\/strong>, luego de un per\u00edodo previo de pruebas t\u00e9cnicas entre distintas estaciones distribuidas en el pa\u00eds.<\/p>\n\n\n\n<p>Su creaci\u00f3n responde a la necesidad de <strong>mejorar la conectividad entre radioaficionados<\/strong>, utilizando la tecnolog\u00eda <strong>EchoLink<\/strong>, que permite enlazar equipos de radio tradicionales con Internet mediante nodos y repetidores.<\/p>\n\n\n\n<p>Desde sus inicios, la red se plante\u00f3 como una alternativa moderna dentro de la radioafici\u00f3n chilena, permitiendo:<\/p>\n\n\n\n<ul class=\"wp-block-list\">\n<li>Interconectar distintas ciudades y regiones del pa\u00eds<\/li>\n\n\n\n<li>Acceso tanto por radiofrecuencia (RF) como por aplicaciones en computador o tel\u00e9fono<\/li>\n\n\n\n<li>Integraci\u00f3n de radioaficionados desde cualquier parte del mundo<\/li>\n<\/ul>\n\n\n\n<p>Con el tiempo, la red ha crecido sostenidamente gracias al aporte colaborativo de sus miembros, quienes han instalado <strong>nodos y estaciones repetidoras<\/strong>, ampliando la cobertura a nivel nacional.<\/p>\n\n\n\n<p>Hoy en d\u00eda, la Red Echolink Chile se define como:<\/p>\n\n\n\n<ul class=\"wp-block-list\">\n<li>Una <strong>red de nodos interconectados<\/strong> a lo largo del territorio nacional<\/li>\n\n\n\n<li>Un espacio de <strong>experimentaci\u00f3n, aprendizaje y camarader\u00eda<\/strong><\/li>\n\n\n\n<li>Una comunidad activa que incorpora nuevas tecnolog\u00edas para ampliar el acceso<\/li>\n<\/ul>\n\n\n\n<p>Tras a\u00f1os de desarrollo, se ha consolidado como una de las principales redes digitales de radioafici\u00f3n en Chile, promoviendo la comunicaci\u00f3n entre radioaficionados.<\/p>\n<\/div><\/div>\n\n<\/div><\/div>\n\n\n<p><\/p>\n","protected":false},"excerpt":{"rendered":"<p>Historia de la Red Echolink Chile La Red Echolink Chile es una red de radioaficionados que surge oficialmente el 28 de julio de 2015, luego de un per\u00edodo previo de pruebas t\u00e9cnicas entre distintas estaciones distribuidas en el pa\u00eds. Su creaci\u00f3n responde a la necesidad de mejorar la conectividad entre radioaficionados, utilizando la tecnolog\u00eda EchoLink,&#8230;<\/p>\n","protected":false},"author":1,"featured_media":0,"parent":0,"menu_order":0,"comment_status":"closed","ping_status":"closed","template":"","meta":{"_kad_post_transparent":"","_kad_post_title":"","_kad_post_layout":"","_kad_post_sidebar_id":"","_kad_post_content_style":"","_kad_post_vertical_padding":"","_kad_post_feature":"","_kad_post_feature_position":"","_kad_post_header":false,"_kad_post_footer":false,"_kad_post_classname":"","footnotes":""},"class_list":["post-13","page","type-page","status-publish","hentry"],"_links":{"self":[{"href":"https:\/\/echolinkchile.cl\/index.php\/wp-json\/wp\/v2\/pages\/13","targetHints":{"allow":["GET"]}}],"collection":[{"href":"https:\/\/echolinkchile.cl\/index.php\/wp-json\/wp\/v2\/pages"}],"about":[{"href":"https:\/\/echolinkchile.cl\/index.php\/wp-json\/wp\/v2\/types\/page"}],"author":[{"embeddable":true,"href":"https:\/\/echolinkchile.cl\/index.php\/wp-json\/wp\/v2\/users\/1"}],"replies":[{"embeddable":true,"href":"https:\/\/echolinkchile.cl\/index.php\/wp-json\/wp\/v2\/comments?post=13"}],"version-history":[{"count":11,"href":"https:\/\/echolinkchile.cl\/index.php\/wp-json\/wp\/v2\/pages\/13\/revisions"}],"predecessor-version":[{"id":640,"href":"https:\/\/echolinkchile.cl\/index.php\/wp-json\/wp\/v2\/pages\/13\/revisions\/640"}],"wp:attachment":[{"href":"https:\/\/echolinkchile.cl\/index.php\/wp-json\/wp\/v2\/media?parent=13"}],"curies":[{"name":"wp","href":"https:\/\/api.w.org\/{rel}","templated":true}]}}